{"id":7127,"date":"2019-09-12T13:31:52","date_gmt":"2019-09-12T11:31:52","guid":{"rendered":"http:\/\/www.pagans.eu\/?page_id=7127"},"modified":"2020-05-19T12:08:24","modified_gmt":"2020-05-19T10:08:24","slug":"voyages-et-stages","status":"publish","type":"page","link":"https:\/\/www.pagans.eu\/en\/voyages-et-stages\/","title":{"rendered":"Voyages et Stages"},"content":{"rendered":"<h3>STAGE ANNULE A CAUSE DES DECISIONS GOUVERNEMENTALES ET LE CORONAVIRUS<\/h3>\n<h3>Stage d&#8217;esprit Viking : Raid au Mont Belen ! (St Michel) annul\u00e9<\/h3>\n<p><img loading=\"lazy\" class=\"alignnone size-large wp-image-7323 aligncenter\" src=\"https:\/\/www.pagans.eu\/wp-content\/uploads\/2020\/01\/StageDespritViking-1024x576.png\" alt=\"\" width=\"600\" height=\"338\" srcset=\"https:\/\/www.pagans.eu\/wp-content\/uploads\/2020\/01\/StageDespritViking-1024x576.png 1024w, https:\/\/www.pagans.eu\/wp-content\/uploads\/2020\/01\/StageDespritViking-300x169.png 300w, https:\/\/www.pagans.eu\/wp-content\/uploads\/2020\/01\/StageDespritViking-768x432.png 768w, https:\/\/www.pagans.eu\/wp-content\/uploads\/2020\/01\/StageDespritViking-600x338.png 600w, https:\/\/www.pagans.eu\/wp-content\/uploads\/2020\/01\/StageDespritViking.png 1280w\" sizes=\"(max-width: 600px) 100vw, 600px\" \/>L&#8217;association Pagans organise un stage d&#8217;esprit&#8230;. Viking ! \u00eatre sage d&#8217;esprit, voil\u00e0 l&#8217;un des objectifs de cette semaine de vacances actives et kornues que vous propose Oleg en Normandie, pr\u00e8s du Mont St Michel ou plut\u00f4t Belen de son vrai nom. Sport, initiation \u00e0 la navigation, \u00e0 la tradition hyperbor\u00e9enne, travers\u00e9e de la baie et visite du Mont Belen, m\u00e9ditation, alimentation saine&#8230; Bienvenu \u00e0 bord du drakkar pagan matelots vous serez r\u00e9partis en \u00e9quipes, solidarit\u00e9, bon sens et vitalit\u00e9 seront les mots d&#8217;ordre. Voici comment le stage se d\u00e9roulera : Presque chaque matin ambiance studieuse, Oleg donnera des cours\/ateliers&nbsp; sur la Tradition et les connaissances anciennes : mythologie, astrologie, runologie, herm\u00e9tisme&#8230; mais aussi sur l&#8217;hygi\u00e8nisme : l&#8217;alimentation virile pr\u00e9conis\u00e9e par l&#8217;esprit Viking, l&#8217;entra\u00eenement sportif, la purification et la revitalisation de l&#8217;organisme&#8230; Puis viendra l&#8217;apr\u00e8s-midi : randonn\u00e9e sur des paysages magnifiques, initiation \u00e0 la navigation (n&#8217;est pas Viking qui ne sait pas naviguer !), sport, plages de sable blanc (oui ! oui !) et des visites : le Mt Belen (St Michel) avec un regard nouveau et la Normandie secr\u00e8te&#8230; celle d&#8217;Odin !<\/p>\n<p>Ce stage comprend :<\/p>\n<p>-L&#8217;h\u00e9bergement en mobile home (ou \u00e9ventuellement sur un emplacement de camping avec votre tente) dans un cadre magnifique avec vue sur le Mont Belen.<\/p>\n<p>-La nourriture &#8220;virile&#8221; pour les deux repas par jours n\u00e9cessaires \u00e0 l&#8217;humain + des fruits pour les inter repas et l&#8217;\u00e9ventuel petit-d\u00e9j.<\/p>\n<p>-Les cours donn\u00e9s par Oleg de Normandie<\/p>\n<p>-Le prix des billets pour les visites, la location de voilier, le mat\u00e9riel sportif, et le transport pour les sorties.<\/p>\n<p>Le prix du stage ne comprend pas :<\/p>\n<p>-Le transport jusqu&#8217;au lieu du stage.<\/p>\n<p>-La plupart des repas seront pris en commun et pr\u00e9par\u00e9s, mais il se peut que nous vous demandions un coup de main occasionnel pour les repas.<\/p>\n<p>-Des bonnes chaussures pour la marche.<\/p>\n<p>-Les \u00e9ventuelles boissons ou d\u00e9penses diverses suppl\u00e9mentaires.<\/p>\n<p><strong>Tarif : 540\u20ac \/ personne en mobile home &#8211; 499\u20ac \/ personne en tente (dans ce cas vous devez amener votre tente)<\/strong><\/p>\n<p><strong>Pour r\u00e9server :<\/strong><\/p>\n<p>Le nombre de places \u00e9tant limit\u00e9, les adh\u00e9rents \u00e0 l&#8217;association seront prioritaires (il n&#8217;est pas trop tard pour adh\u00e9rer). Pour vous inscrire il suffit de demander le formulaire d&#8217;inscription et de le renvoyer compl\u00e9ter avec les pi\u00e8ces requises.<\/p>\n<p><strong>Effectuer la demande de formulaire d&#8217;inscription<\/strong> par email \u00e0 : <strong>pagans@esprit-viking.com<\/strong> Pr\u00e9ciser dans l&#8217;objet du mail &#8220;Inscription Stage&#8221; et dans le corps du message, votre nom, pr\u00e9nom, votre adresse et \u00e9ventuellement votre identifiant d&#8217;adh\u00e9rant (c&#8217;est votre login utilis\u00e9 sur le site pagans.eu pour acc\u00e9der \u00e0 la zone membre)<\/p>\n<p>Votre inscription ne sera valid\u00e9e qu&#8217;apr\u00e8s acceptation de votre dossier.&nbsp;<\/p>\n<p>&nbsp;<\/p>\n<p>&nbsp;<\/p>\n<p>&nbsp;<\/p>\n<h3>Circuit voyage pour 2021 : L&#8217;Irlande Atlante<\/h3>\n<p>&nbsp;<\/p>\n<p><strong><img loading=\"lazy\" class=\"size-large wp-image-7150 aligncenter\" src=\"https:\/\/www.pagans.eu\/wp-content\/uploads\/2019\/09\/vue-1024x576.png\" alt=\"\" width=\"600\" height=\"338\" srcset=\"https:\/\/www.pagans.eu\/wp-content\/uploads\/2019\/09\/vue-1024x576.png 1024w, https:\/\/www.pagans.eu\/wp-content\/uploads\/2019\/09\/vue-300x169.png 300w, https:\/\/www.pagans.eu\/wp-content\/uploads\/2019\/09\/vue-768x432.png 768w, https:\/\/www.pagans.eu\/wp-content\/uploads\/2019\/09\/vue-600x338.png 600w, https:\/\/www.pagans.eu\/wp-content\/uploads\/2019\/09\/vue.png 1280w\" sizes=\"(max-width: 600px) 100vw, 600px\" \/><\/strong><\/p>\n<p><strong>La Date reste \u00e0 d\u00e9finir, sans doute pour 2021.<\/strong><\/p>\n<p>Une semaine en latitude bor\u00e9enne dans le pays le plus keltique au monde, \u00e0 la d\u00e9couverte des tr\u00e9sors laiss\u00e9s par les anciens, dans un atmosph\u00e8re ga\u00eblique. Partez en raid arch\u00e9ologique en visitant la face cach\u00e9e de Newgrange : Bru na Boinne. Bru na Boinne n&#8217;est autre que le nom du site au complet, bien trop m\u00e9connu, il contient trois ca\u00efrns (temples atlantes) dont Newgrange -le seul bien connu- mais qui n&#8217;est pourtant pas le plus grand des trois !<\/p>\n<p>Partez dans le Connemara, la r\u00e9gion la plus ga\u00e9lique, la plus traditionnelle et la plus caract\u00e9rielle d&#8217;Irlande ! Des rues de Galway enflamm\u00e9es par les joueurs de Cithare aux montagnes du Connemara, en passant par des cascades et des paysages magnifiques, grimpez les hauts Monts M\u00e9galithiques jusqu&#8217;aux sommets sur lesquels se trouvent parfois&#8230; La colonne axe du monde, Atlas\/Hirminsul, toujours pr\u00e9sente X mill\u00e9naires plus tard !<\/p>\n<p>Respirez l&#8217;air pur de l&#8217;oc\u00e9an atlantique en jalonnant les plus belles falaises aux mondes, randonnez dans la r\u00e9gion de Killarney dans des espaces bois\u00e9s ou r\u00e8gnent encore les f\u00e9es&#8230; Apprenez que le Nord en p\u00e9riode de solstice d&#8217;\u00e9t\u00e9 est surprenant en vous baignant dans des lacs d&#8217;eau pure et douce. Partagez ces moments chaleureux au sein d&#8217;un groupe soud\u00e9 par Oleg, votre guide tomb\u00e9 amoureux du son de la cornemuse que l&#8217;on entend le soir dans les rues irlandaises.<\/p>\n<h5><img loading=\"lazy\" class=\"size-large wp-image-7147 aligncenter\" src=\"https:\/\/www.pagans.eu\/wp-content\/uploads\/2019\/09\/Knowth-1024x576.png\" alt=\"\" width=\"600\" height=\"338\" srcset=\"https:\/\/www.pagans.eu\/wp-content\/uploads\/2019\/09\/Knowth-1024x576.png 1024w, https:\/\/www.pagans.eu\/wp-content\/uploads\/2019\/09\/Knowth-300x169.png 300w, https:\/\/www.pagans.eu\/wp-content\/uploads\/2019\/09\/Knowth-768x432.png 768w, https:\/\/www.pagans.eu\/wp-content\/uploads\/2019\/09\/Knowth-600x338.png 600w, https:\/\/www.pagans.eu\/wp-content\/uploads\/2019\/09\/Knowth.png 1280w\" sizes=\"(max-width: 600px) 100vw, 600px\" \/><\/h5>\n<h5>Le voyage et son tarif comprend :<\/h5>\n<p>-Le billet d&#8217;avion Aller\/Retour Paris-C.-d.-G. \/ Dublin<\/p>\n<p>-Le transport en voiture mini-bus pendant tout le s\u00e9jour en Irlande<\/p>\n<p>-L&#8217;h\u00e9bergement en pension compl\u00e8te* dans trois r\u00e9gions diff\u00e9rentes : Dublin, Gallway et Killarney.<\/p>\n<p>-Les d\u00e9penses li\u00e9es aux visites des sites ou mus\u00e9es : billets et frais divers.<\/p>\n<p>-Des activit\u00e9s de plein-air : randonn\u00e9e \u00e0 pied (niveau d\u00e9butant), balades VTT(si possible) etc&#8230;<\/p>\n<p>-Oleg de Normandie pour guider l&#8217;\u00e9quipage.&nbsp;<\/p>\n<p>*Nota : La pension compl\u00e8te comprend 2 repas par jour :<\/p>\n<p>-Le repas du soir au restaurant<\/p>\n<p>-Le breakfast (4 matins sur 7) : petit d\u00e9jeuner tr\u00e8s copieux \u00e9quivalent d\u00e9jeuner : sucr\u00e9 + sal\u00e9 comprenant saucisses, bacon, oeufs, galettes de pomme de terre etc&#8230;<\/p>\n<p>-Le repas du midi : (les 3 jours o\u00f9 il n&#8217;y a pas de breakfast)&nbsp;pique-nique ou restaurant.<\/p>\n<h5>Ce que le tarif ne comprends pas :<\/h5>\n<p>-Les boissons et collations en dehors des repas<\/p>\n<p>-Les \u00e9ventuels pourboires et les souvenirs<\/p>\n<p><strong>Tarif : 1274\u20ac<\/strong><br \/>\nVous devez \u00eatre logg\u00e9 pour acc\u00e9der \u00e0 ce contenu.\n<p>Le bouton &#8220;Payer&#8221; pour r\u00e9server n&#8217;appara\u00eet pas ? Normal, c&#8217;est un voyage associatif qui est r\u00e9serv\u00e9 aux adh\u00e9rents, vous devez d&#8217;abord adh\u00e9rer \u00e0 l&#8217;association guilde Pagans pour participer \u00e0 ce voyage :<\/p>\n<p><a class=\"fasc-button fasc-size-large fasc-type-flat\" style=\"background-color: #33809e; color: #ffffff;\" data-fasc-id=\"fasc-button-tid-1568288400566\" href=\"https:\/\/www.pagans.eu\/adhesion-guilde\/\">Adh\u00e9sion<\/a><\/p>\n<p><img loading=\"lazy\" class=\"size-large wp-image-7214 aligncenter\" src=\"https:\/\/www.pagans.eu\/wp-content\/uploads\/2019\/10\/miniCIRCUITirlande-1-1024x576.jpg\" alt=\"\" width=\"600\" height=\"338\" srcset=\"https:\/\/www.pagans.eu\/wp-content\/uploads\/2019\/10\/miniCIRCUITirlande-1-1024x576.jpg 1024w, https:\/\/www.pagans.eu\/wp-content\/uploads\/2019\/10\/miniCIRCUITirlande-1-300x169.jpg 300w, https:\/\/www.pagans.eu\/wp-content\/uploads\/2019\/10\/miniCIRCUITirlande-1-768x432.jpg 768w, https:\/\/www.pagans.eu\/wp-content\/uploads\/2019\/10\/miniCIRCUITirlande-1-600x338.jpg 600w, https:\/\/www.pagans.eu\/wp-content\/uploads\/2019\/10\/miniCIRCUITirlande-1.jpg 1280w\" sizes=\"(max-width: 600px) 100vw, 600px\" \/><\/p>\n","protected":false},"excerpt":{"rendered":"<p>STAGE ANNULE A CAUSE DES DECISIONS GOUVERNEMENTALES ET LE CORONAVIRUS Stage d&#8217;esprit Viking : Raid au Mont Belen ! (St Michel) annul\u00e9 L&#8217;association Pagans organise un stage d&#8217;esprit&#8230;. Viking ! \u00eatre sage d&#8217;esprit, voil\u00e0 l&#8217;un des<\/p>\n","protected":false},"author":5,"featured_media":7145,"parent":0,"menu_order":0,"comment_status":"closed","ping_status":"closed","template":"page-PageTemplate5.php","meta":[],"translation":{"provider":"WPGlobus","version":"2.10.4","language":"en","enabled_languages":["fr","en"],"languages":{"fr":{"title":true,"content":true,"excerpt":false},"en":{"title":false,"content":false,"excerpt":false}}},"_links":{"self":[{"href":"https:\/\/www.pagans.eu\/en\/wp-json\/wp\/v2\/pages\/7127"}],"collection":[{"href":"https:\/\/www.pagans.eu\/en\/wp-json\/wp\/v2\/pages"}],"about":[{"href":"https:\/\/www.pagans.eu\/en\/wp-json\/wp\/v2\/types\/page"}],"author":[{"embeddable":true,"href":"https:\/\/www.pagans.eu\/en\/wp-json\/wp\/v2\/users\/5"}],"replies":[{"embeddable":true,"href":"https:\/\/www.pagans.eu\/en\/wp-json\/wp\/v2\/comments?post=7127"}],"version-history":[{"count":0,"href":"https:\/\/www.pagans.eu\/en\/wp-json\/wp\/v2\/pages\/7127\/revisions"}],"wp:featuredmedia":[{"embeddable":true,"href":"https:\/\/www.pagans.eu\/en\/wp-json\/wp\/v2\/media\/7145"}],"wp:attachment":[{"href":"https:\/\/www.pagans.eu\/en\/wp-json\/wp\/v2\/media?parent=7127"}],"curies":[{"name":"wp","href":"https:\/\/api.w.org\/{rel}","templated":true}]}}