{"id":7009,"date":"2019-07-12T14:43:34","date_gmt":"2019-07-12T12:43:34","guid":{"rendered":"http:\/\/www.pagans.eu\/?page_id=7009"},"modified":"2019-07-12T15:13:31","modified_gmt":"2019-07-12T13:13:31","slug":"secret_conf_caen_2019_566da","status":"publish","type":"page","link":"https:\/\/www.pagans.eu\/en\/secret_conf_caen_2019_566da\/","title":{"rendered":"secret_Conf_CAEN_2019_566da"},"content":{"rendered":"<p>ATTENTION ! Conservez bien ce lien, il ne vous est donn\u00e9 qu&#8217;une seule fois.<br \/>\nVoici le lien priv\u00e9 pour regarder la conf\u00e9rence du 06\/07\/2019 :<\/p>\n<p><a href=\"https:\/\/www.youtube.com\/watch?v=t1MJIUx77ao\">https:\/\/www.youtube.com\/watch?v=t1MJIUx77ao<\/a><\/p>\n","protected":false},"excerpt":{"rendered":"<p>ATTENTION ! Conservez bien ce lien, il ne vous est donn\u00e9 qu&#8217;une seule fois. Voici le lien priv\u00e9 pour regarder la conf\u00e9rence du 06\/07\/2019 : https:\/\/www.youtube.com\/watch?v=t1MJIUx77ao<\/p>\n","protected":false},"author":5,"featured_media":0,"parent":0,"menu_order":0,"comment_status":"closed","ping_status":"closed","template":"","meta":[],"translation":{"provider":"WPGlobus","version":"2.10.4","language":"en","enabled_languages":["fr","en"],"languages":{"fr":{"title":true,"content":true,"excerpt":false},"en":{"title":false,"content":false,"excerpt":false}}},"_links":{"self":[{"href":"https:\/\/www.pagans.eu\/en\/wp-json\/wp\/v2\/pages\/7009"}],"collection":[{"href":"https:\/\/www.pagans.eu\/en\/wp-json\/wp\/v2\/pages"}],"about":[{"href":"https:\/\/www.pagans.eu\/en\/wp-json\/wp\/v2\/types\/page"}],"author":[{"embeddable":true,"href":"https:\/\/www.pagans.eu\/en\/wp-json\/wp\/v2\/users\/5"}],"replies":[{"embeddable":true,"href":"https:\/\/www.pagans.eu\/en\/wp-json\/wp\/v2\/comments?post=7009"}],"version-history":[{"count":0,"href":"https:\/\/www.pagans.eu\/en\/wp-json\/wp\/v2\/pages\/7009\/revisions"}],"wp:attachment":[{"href":"https:\/\/www.pagans.eu\/en\/wp-json\/wp\/v2\/media?parent=7009"}],"curies":[{"name":"wp","href":"https:\/\/api.w.org\/{rel}","templated":true}]}}