{"id":5135,"date":"2017-05-30T13:07:25","date_gmt":"2017-05-30T11:07:25","guid":{"rendered":"http:\/\/www.pagans.eu\/?page_id=5135"},"modified":"2020-09-29T12:17:38","modified_gmt":"2020-09-29T10:17:38","slug":"acces-bifrost","status":"publish","type":"page","link":"https:\/\/www.pagans.eu\/en\/zone-guilde\/acces-bifrost\/","title":{"rendered":"Acc\u00e8s Bifrost"},"content":{"rendered":"<p>Zone secr\u00e8te<a href=\"http:\/\/www.pagans.eu\/wp-content\/uploads\/2017\/05\/The-Great-Pyramid-A-Giant-Power-Plant-from-the-distant-past.png\" rel=\"wp-prettyPhoto[5135]\">Vous devez \u00eatre logg\u00e9 pour acc\u00e9der \u00e0 ce contenu.\nVous devez \u00eatre logg\u00e9 pour acc\u00e9der \u00e0 ce contenu.\n&nbsp;<\/p>\n","protected":false},"excerpt":{"rendered":"<p>Zone secr\u00e8te &nbsp;<\/p>\n","protected":false},"author":5,"featured_media":0,"parent":4724,"menu_order":0,"comment_status":"closed","ping_status":"closed","template":"page-PageTemplate7.php","meta":[],"translation":{"provider":"WPGlobus","version":"2.10.4","language":"en","enabled_languages":["fr","en"],"languages":{"fr":{"title":true,"content":true,"excerpt":false},"en":{"title":false,"content":false,"excerpt":false}}},"_links":{"self":[{"href":"https:\/\/www.pagans.eu\/en\/wp-json\/wp\/v2\/pages\/5135"}],"collection":[{"href":"https:\/\/www.pagans.eu\/en\/wp-json\/wp\/v2\/pages"}],"about":[{"href":"https:\/\/www.pagans.eu\/en\/wp-json\/wp\/v2\/types\/page"}],"author":[{"embeddable":true,"href":"https:\/\/www.pagans.eu\/en\/wp-json\/wp\/v2\/users\/5"}],"replies":[{"embeddable":true,"href":"https:\/\/www.pagans.eu\/en\/wp-json\/wp\/v2\/comments?post=5135"}],"version-history":[{"count":0,"href":"https:\/\/www.pagans.eu\/en\/wp-json\/wp\/v2\/pages\/5135\/revisions"}],"up":[{"embeddable":true,"href":"https:\/\/www.pagans.eu\/en\/wp-json\/wp\/v2\/pages\/4724"}],"wp:attachment":[{"href":"https:\/\/www.pagans.eu\/en\/wp-json\/wp\/v2\/media?parent=5135"}],"curies":[{"name":"wp","href":"https:\/\/api.w.org\/{rel}","templated":true}]}}