{"id":5127,"date":"2017-05-30T12:43:10","date_gmt":"2017-05-30T10:43:10","guid":{"rendered":"http:\/\/www.pagans.eu\/?page_id=5127"},"modified":"2019-01-07T12:23:09","modified_gmt":"2019-01-07T11:23:09","slug":"les-dieux-descendent-vraiment-du-ciel","status":"publish","type":"page","link":"https:\/\/www.pagans.eu\/en\/zone-guilde\/acces-bifrost\/les-dieux-descendent-vraiment-du-ciel\/","title":{"rendered":"Les dieux descendent vraiment du ciel"},"content":{"rendered":"<p>Zone secr\u00e8teVous devez \u00eatre logg\u00e9 pour acc\u00e9der \u00e0 ce contenu.\n","protected":false},"excerpt":{"rendered":"<p>Zone secr\u00e8te<\/p>\n","protected":false},"author":5,"featured_media":0,"parent":5135,"menu_order":0,"comment_status":"closed","ping_status":"closed","template":"page-PageTemplate7.php","meta":[],"translation":{"provider":"WPGlobus","version":"2.10.4","language":"en","enabled_languages":["fr","en"],"languages":{"fr":{"title":true,"content":true,"excerpt":false},"en":{"title":false,"content":false,"excerpt":false}}},"_links":{"self":[{"href":"https:\/\/www.pagans.eu\/en\/wp-json\/wp\/v2\/pages\/5127"}],"collection":[{"href":"https:\/\/www.pagans.eu\/en\/wp-json\/wp\/v2\/pages"}],"about":[{"href":"https:\/\/www.pagans.eu\/en\/wp-json\/wp\/v2\/types\/page"}],"author":[{"embeddable":true,"href":"https:\/\/www.pagans.eu\/en\/wp-json\/wp\/v2\/users\/5"}],"replies":[{"embeddable":true,"href":"https:\/\/www.pagans.eu\/en\/wp-json\/wp\/v2\/comments?post=5127"}],"version-history":[{"count":0,"href":"https:\/\/www.pagans.eu\/en\/wp-json\/wp\/v2\/pages\/5127\/revisions"}],"up":[{"embeddable":true,"href":"https:\/\/www.pagans.eu\/en\/wp-json\/wp\/v2\/pages\/5135"}],"wp:attachment":[{"href":"https:\/\/www.pagans.eu\/en\/wp-json\/wp\/v2\/media?parent=5127"}],"curies":[{"name":"wp","href":"https:\/\/api.w.org\/{rel}","templated":true}]}}