{"id":4727,"date":"2017-05-25T20:29:01","date_gmt":"2017-05-25T18:29:01","guid":{"rendered":"http:\/\/www.pagans.eu\/?page_id=4727"},"modified":"2017-05-25T20:29:01","modified_gmt":"2017-05-25T18:29:01","slug":"zone-secrete","status":"publish","type":"page","link":"https:\/\/www.pagans.eu\/en\/zone-secrete\/","title":{"rendered":"Zone Secr\u00e8te"},"content":{"rendered":"Vous devez \u00eatre logg\u00e9 pour acc\u00e9der \u00e0 ce contenu.\nVous devez \u00eatre logg\u00e9 pour acc\u00e9der \u00e0 ce contenu.\n","protected":false},"excerpt":{"rendered":"Vous devez \u00eatre logg\u00e9 pour acc\u00e9der \u00e0 ce contenu. Vous devez \u00eatre logg\u00e9 pour acc\u00e9der \u00e0 ce contenu.","protected":false},"author":5,"featured_media":0,"parent":0,"menu_order":0,"comment_status":"closed","ping_status":"closed","template":"page-PageTemplate4.php","meta":[],"translation":{"provider":"WPGlobus","version":"2.10.4","language":"en","enabled_languages":["fr","en"],"languages":{"fr":{"title":true,"content":true,"excerpt":false},"en":{"title":false,"content":false,"excerpt":false}}},"_links":{"self":[{"href":"https:\/\/www.pagans.eu\/en\/wp-json\/wp\/v2\/pages\/4727"}],"collection":[{"href":"https:\/\/www.pagans.eu\/en\/wp-json\/wp\/v2\/pages"}],"about":[{"href":"https:\/\/www.pagans.eu\/en\/wp-json\/wp\/v2\/types\/page"}],"author":[{"embeddable":true,"href":"https:\/\/www.pagans.eu\/en\/wp-json\/wp\/v2\/users\/5"}],"replies":[{"embeddable":true,"href":"https:\/\/www.pagans.eu\/en\/wp-json\/wp\/v2\/comments?post=4727"}],"version-history":[{"count":0,"href":"https:\/\/www.pagans.eu\/en\/wp-json\/wp\/v2\/pages\/4727\/revisions"}],"wp:attachment":[{"href":"https:\/\/www.pagans.eu\/en\/wp-json\/wp\/v2\/media?parent=4727"}],"curies":[{"name":"wp","href":"https:\/\/api.w.org\/{rel}","templated":true}]}}