{"id":4724,"date":"2017-05-25T20:27:23","date_gmt":"2017-05-25T18:27:23","guid":{"rendered":"http:\/\/www.pagans.eu\/?page_id=4724"},"modified":"2019-09-26T14:46:46","modified_gmt":"2019-09-26T12:46:46","slug":"zone-guilde","status":"publish","type":"page","link":"https:\/\/www.pagans.eu\/en\/zone-guilde\/","title":{"rendered":"Zone Guilde"},"content":{"rendered":"<p>Zone r\u00e9serv\u00e9e aux membres, si vous n&#8217;avez pas adh\u00e9r\u00e9, vous ne pourrez pas aller plus loin.<\/p>\n<p>Bienvenu dans la zone Guilde !<\/p>\n<p>ATTENTION ! dans cette zone r\u00e9serv\u00e9e, le secret est de mise, tout ce que vous y verrez ou entendrez doit rester strictement confidentiel ! Nous pr\u00e9parons dans le plus grand secret l&#8217;op\u00e9ration la plus machiav\u00e9lique de tous les temps ! &#8230;&#8230;&#8230;&#8230;&#8230;&#8230;:-)<\/p>\n<p>Tr\u00e8ve de plaisanterie, vous trouverez ici toutes les vid\u00e9os r\u00e9serv\u00e9es aux adh\u00e9rents :&nbsp; Les vid\u00e9os sur la tradition primordiale, l&#8217;astrologie, la runologie etc&#8230; Ainsi que toutes les conf\u00e9rences donn\u00e9es par Oleg, bon visionnage !<\/p>\n<p><a href=\"http:\/\/www.pagans.eu\/wp-content\/uploads\/2017\/05\/Zone51.3.jpg\" rel=\"wp-prettyPhoto[4724]\"><img loading=\"lazy\" class=\"size-medium wp-image-5098 aligncenter\" src=\"http:\/\/www.pagans.eu\/wp-content\/uploads\/2017\/05\/Zone51.3-300x200.jpg\" alt=\"\" width=\"300\" height=\"200\" srcset=\"https:\/\/www.pagans.eu\/wp-content\/uploads\/2017\/05\/Zone51.3-300x200.jpg 300w, https:\/\/www.pagans.eu\/wp-content\/uploads\/2017\/05\/Zone51.3.jpg 532w\" sizes=\"(max-width: 300px) 100vw, 300px\" \/><\/a><\/p>\n<p style=\"text-align: center;\">Vous devez \u00eatre logg\u00e9 pour acc\u00e9der \u00e0 ce contenu.&nbsp; &nbsp; &nbsp;&nbsp;<a class=\"fasc-button fasc-size-medium fasc-type-flat fasc-ico-before dashicons-no\" style=\"background-color: #33809e; color: #ffffff;\" target=\"_blank\" rel=\"noopener noreferrer\" data-fasc-id=\"fasc-button-tid-1496139538399\" href=\"http:\/\/www.nrj-play.fr\/nrj12\/les-anges\">Je garde une vie normale<\/a><\/p>\n","protected":false},"excerpt":{"rendered":"<p>Zone r\u00e9serv\u00e9e aux membres, si vous n&#8217;avez pas adh\u00e9r\u00e9, vous ne pourrez pas aller plus loin. Bienvenu dans la zone Guilde ! ATTENTION ! dans cette zone r\u00e9serv\u00e9e, le secret est de mise, tout ce que<\/p>\n","protected":false},"author":5,"featured_media":0,"parent":0,"menu_order":0,"comment_status":"closed","ping_status":"closed","template":"page-PageTemplate6.php","meta":[],"translation":{"provider":"WPGlobus","version":"2.10.4","language":"en","enabled_languages":["fr","en"],"languages":{"fr":{"title":true,"content":true,"excerpt":false},"en":{"title":false,"content":false,"excerpt":false}}},"_links":{"self":[{"href":"https:\/\/www.pagans.eu\/en\/wp-json\/wp\/v2\/pages\/4724"}],"collection":[{"href":"https:\/\/www.pagans.eu\/en\/wp-json\/wp\/v2\/pages"}],"about":[{"href":"https:\/\/www.pagans.eu\/en\/wp-json\/wp\/v2\/types\/page"}],"author":[{"embeddable":true,"href":"https:\/\/www.pagans.eu\/en\/wp-json\/wp\/v2\/users\/5"}],"replies":[{"embeddable":true,"href":"https:\/\/www.pagans.eu\/en\/wp-json\/wp\/v2\/comments?post=4724"}],"version-history":[{"count":0,"href":"https:\/\/www.pagans.eu\/en\/wp-json\/wp\/v2\/pages\/4724\/revisions"}],"wp:attachment":[{"href":"https:\/\/www.pagans.eu\/en\/wp-json\/wp\/v2\/media?parent=4724"}],"curies":[{"name":"wp","href":"https:\/\/api.w.org\/{rel}","templated":true}]}}