{"id":4714,"date":"2017-05-25T20:02:27","date_gmt":"2017-05-25T18:02:27","guid":{"rendered":"http:\/\/www.pagans.eu\/?page_id=4714"},"modified":"2017-06-28T13:01:28","modified_gmt":"2017-06-28T11:01:28","slug":"newsletter","status":"publish","type":"page","link":"https:\/\/www.pagans.eu\/en\/newsletter\/","title":{"rendered":"NewsLetter"},"content":{"rendered":"<p>Laisse ton adresse email et tu recevras le livret d&#8217;Odin, petite initiation pour comprendre le paganisme&nbsp;des anc\u00eatres.<\/p>\n<p>Tu seras \u00e9galement abonn\u00e9 \u00e0 la NewsLetter des libres pa\u00efens.<\/p>\n<div class=\"widget_wysija_cont shortcode_wysija\"><div id=\"msg-form-wysija-shortcode69f545363e849-1\" class=\"wysija-msg ajax\"><\/div><form id=\"form-wysija-shortcode69f545363e849-1\" method=\"post\" action=\"#wysija\" class=\"widget_wysija shortcode_wysija\">\n<p class=\"wysija-paragraph\">\n    <label>E-mail <span class=\"wysija-required\">*<\/span><\/label>\n    \n    \t<input type=\"text\" name=\"wysija[user][email]\" class=\"wysija-input validate[required,custom[email]]\" title=\"E-mail\"  value=\"\" \/>\n    \n    \n    \n    <span class=\"abs-req\">\n        <input type=\"text\" name=\"wysija[user][abs][email]\" class=\"wysija-input validated[abs][email]\" value=\"\" \/>\n    <\/span>\n    \n<\/p>\n\r\n<input class=\"wysija-submit wysija-submit-field\" type=\"submit\" value=\"Je m&#039;abonne !\" \/>\n\n    <input type=\"hidden\" name=\"form_id\" value=\"1\" \/>\n    <input type=\"hidden\" name=\"action\" value=\"save\" \/>\n    <input type=\"hidden\" name=\"controller\" value=\"subscribers\" \/>\n    <input type=\"hidden\" value=\"1\" name=\"wysija-page\" \/>\n\n    \n        <input type=\"hidden\" name=\"wysija[user_list][list_ids]\" value=\"1\" \/>\n    \n <\/form><\/div>\n","protected":false},"excerpt":{"rendered":"<p>Laisse ton adresse email et tu recevras le livret d&#8217;Odin, petite initiation pour comprendre le paganisme&nbsp;des anc\u00eatres. Tu seras \u00e9galement abonn\u00e9 \u00e0 la NewsLetter des libres pa\u00efens.<\/p>\n","protected":false},"author":5,"featured_media":0,"parent":0,"menu_order":0,"comment_status":"closed","ping_status":"closed","template":"page-PageTemplate2.php","meta":[],"translation":{"provider":"WPGlobus","version":"2.10.4","language":"en","enabled_languages":["fr","en"],"languages":{"fr":{"title":true,"content":true,"excerpt":false},"en":{"title":false,"content":false,"excerpt":false}}},"_links":{"self":[{"href":"https:\/\/www.pagans.eu\/en\/wp-json\/wp\/v2\/pages\/4714"}],"collection":[{"href":"https:\/\/www.pagans.eu\/en\/wp-json\/wp\/v2\/pages"}],"about":[{"href":"https:\/\/www.pagans.eu\/en\/wp-json\/wp\/v2\/types\/page"}],"author":[{"embeddable":true,"href":"https:\/\/www.pagans.eu\/en\/wp-json\/wp\/v2\/users\/5"}],"replies":[{"embeddable":true,"href":"https:\/\/www.pagans.eu\/en\/wp-json\/wp\/v2\/comments?post=4714"}],"version-history":[{"count":0,"href":"https:\/\/www.pagans.eu\/en\/wp-json\/wp\/v2\/pages\/4714\/revisions"}],"wp:attachment":[{"href":"https:\/\/www.pagans.eu\/en\/wp-json\/wp\/v2\/media?parent=4714"}],"curies":[{"name":"wp","href":"https:\/\/api.w.org\/{rel}","templated":true}]}}