{"id":4617,"date":"2017-05-24T16:23:21","date_gmt":"2017-05-24T14:23:21","guid":{"rendered":"http:\/\/www.pagans.eu\/?page_id=4617"},"modified":"2017-05-26T14:42:53","modified_gmt":"2017-05-26T12:42:53","slug":"meditation","status":"publish","type":"page","link":"https:\/\/www.pagans.eu\/en\/meditation\/","title":{"rendered":"M\u00e9ditation"},"content":{"rendered":"<table>\n<tr>\n<td>\n<h2>Le secret du cerveau<\/h2>\n<div class=\"clear\"><\/div>\n<p>Le cerveau d\u00e9tient des capacit\u00e9s atrophi\u00e9es encore insoup\u00e7onn\u00e9es      <\/p>\n<div class=\"thumb-holder-4-col\">\n<div class=\"portfolio-img-thumb-4-col\">\n<span class=\"portfolio-zoom-image-4-col\"> <\/span><a rel=\"wp-prettyPhoto[portfolio]\" href=\"https:\/\/www.youtube.com\/watch?v=m9R4Cdf6tLU\" title=\"\"><img loading=\"lazy\" class=\"hover-opacity\" src=\"http:\/\/www.pagans.eu\/wp-content\/uploads\/2017\/05\/LE-SECRET-du-cerveau.png\" width=\"176\" height=\"116\" alt=\"Secret cerveau\" \/><\/a>\n<\/div>\n<p><!-- end portfolio-img-thumb-4-col -->\n <\/div>\n<p><!-- end thumb-holder-4-col \u2192 -->\n<\/td>\n<td>\n<h2>M\u00e9diter comme un guerrier<\/h2>\n<div class=\"clear\"><\/div>\n<p>Les pa\u00efens m\u00e9ditent, contemplent, ils ne prient gu\u00e8re.<\/p>\n<div class=\"thumb-holder-4-col\">\n<div class=\"portfolio-img-thumb-4-col\">\n<span class=\"portfolio-zoom-image-4-col\"> <\/span><a rel=\"wp-prettyPhoto[portfolio]\" href=\"https:\/\/www.youtube.com\/watch?v=DMN0jZ0gIfw\" title=\"\"><img loading=\"lazy\" class=\"hover-opacity\" src=\"http:\/\/www.pagans.eu\/wp-content\/uploads\/2017\/05\/mediterComme1Guerrier.png\" width=\"176\" height=\"116\" alt=\"M\u00e9ditation guerri\u00e8re\" \/><\/a>\n<\/div>\n<p><!-- end portfolio-img-thumb-4-col -->\n <\/div>\n<p><!-- end thumb-holder-4-col \u2192 -->\n<\/td>\n<\/tr>\n<\/table>\n","protected":false},"excerpt":{"rendered":"<p>Le secret du cerveau Le cerveau d\u00e9tient des capacit\u00e9s atrophi\u00e9es encore insoup\u00e7onn\u00e9es M\u00e9diter comme un guerrier Les pa\u00efens m\u00e9ditent, contemplent, ils ne prient gu\u00e8re.<\/p>\n","protected":false},"author":5,"featured_media":0,"parent":0,"menu_order":0,"comment_status":"closed","ping_status":"closed","template":"page-PageTemplate3.php","meta":[],"translation":{"provider":"WPGlobus","version":"2.10.4","language":"en","enabled_languages":["fr","en"],"languages":{"fr":{"title":true,"content":true,"excerpt":false},"en":{"title":false,"content":false,"excerpt":false}}},"_links":{"self":[{"href":"https:\/\/www.pagans.eu\/en\/wp-json\/wp\/v2\/pages\/4617"}],"collection":[{"href":"https:\/\/www.pagans.eu\/en\/wp-json\/wp\/v2\/pages"}],"about":[{"href":"https:\/\/www.pagans.eu\/en\/wp-json\/wp\/v2\/types\/page"}],"author":[{"embeddable":true,"href":"https:\/\/www.pagans.eu\/en\/wp-json\/wp\/v2\/users\/5"}],"replies":[{"embeddable":true,"href":"https:\/\/www.pagans.eu\/en\/wp-json\/wp\/v2\/comments?post=4617"}],"version-history":[{"count":0,"href":"https:\/\/www.pagans.eu\/en\/wp-json\/wp\/v2\/pages\/4617\/revisions"}],"wp:attachment":[{"href":"https:\/\/www.pagans.eu\/en\/wp-json\/wp\/v2\/media?parent=4617"}],"curies":[{"name":"wp","href":"https:\/\/api.w.org\/{rel}","templated":true}]}}