{"id":4565,"date":"2017-05-24T14:47:23","date_gmt":"2017-05-24T12:47:23","guid":{"rendered":"http:\/\/www.pagans.eu\/?page_id=4565"},"modified":"2017-08-21T10:59:20","modified_gmt":"2017-08-21T08:59:20","slug":"megalithes","status":"publish","type":"page","link":"https:\/\/www.pagans.eu\/en\/megalithes\/","title":{"rendered":"M\u00e9galithes"},"content":{"rendered":"<section id=\"huge_it_portfolio_content_12\" style=\"clear: both\" class=\"portfolio-gallery-content sortingActive \"\r\n         data-portfolio-id=\"12\"\r\n         data-image-behaviour=\"resize\">\r\n\t<div id=\"huge-it-container-loading-overlay_12\"><\/div>\r\n\t\t\t\t\t\t<div id=\"huge_it_portfolio_options_12\"\r\n\t\t\t     data-sorting-position=\"top\">\r\n\t\t\t\t<ul id=\"sort-by\" class=\"option-set clearfix\" data-option-key=\"sortBy\">\r\n                                        \t\t\t\t\t<li><a href=\"#sortBy=original-order\" data-option-value=\"original-order\" class=\"selected\"\r\n\t\t\t\t\t       data>Default<\/a><\/li>\r\n                                                                                \t\t\t\t\t<li><a href=\"#sortBy=id\"\r\n\t\t\t\t\t       data-option-value=\"id\">Date<\/a>\r\n\t\t\t\t\t<\/li>\r\n                                                                                \t\t\t\t\t<li><a href=\"#sortBy=symbol\"\r\n\t\t\t\t\t       data-option-value=\"symbol\">Title<\/a>\r\n\t\t\t\t\t<\/li>\r\n                                                                                \t\t\t\t\t<li id=\"shuffle\"><a\r\n\t\t\t\t\t\t\thref='#shuffle'>Random<\/a>\r\n\t\t\t\t\t<\/li>\r\n                                        \t\t\t\t<\/ul>\r\n\t\t\t\t<ul id=\"port-sort-direction\" class=\"option-set clearfix\" data-option-key=\"sortAscending\">\r\n                                        \t\t\t\t\t<li><a href=\"#sortAscending=true\" data-option-value=\"true\"\r\n\t\t\t\t\t       class=\"selected\">Ascending<\/a>\r\n\t\t\t\t\t<\/li>\r\n                                                                                \t\t\t\t\t<li><a href=\"#sortAscending=false\"\r\n\t\t\t\t\t       data-option-value=\"false\">Descending<\/a>\r\n\t\t\t\t\t<\/li>\r\n                                        \t\t\t\t<\/ul>\r\n\t\t\t<\/div>\r\n\t\t\t\t\t<div id=\"huge_it_portfolio_container_12\"\r\n\t     data-show-loading=\"on\"\r\n\t\t data-show-center=\"off\"\r\n\t     class=\"huge_it_portfolio_container super-list variable-sizes clearfix view-toggle-up-down\" >\r\n\t\t\t\t\t<div\r\n\t\t\t\tclass=\"portelement portelement_12 colorbox_grouping  \" data-symbol=\"Stonehenge Apocalypse - La pilule verte #3\" data-category=\"alkaline-earth\">\r\n\t\t\t\t<div class=\"default-block_12 lighboxable\" style=\"\">\r\n\t\t\t\t\t<div class=\"image-block image-block_12  add-H-relative\">\r\n\t\t\t\t\t\t\t\t\t\t\t\t\t\t\t\t\t\t\t\t\t<a href=\"https:\/\/www.youtube.com\/embed\/yb5w4WP4m8M\"\r\n                                       data-description=\" \"\r\n\t\t\t\t\t\t\t\t\t   class=\"huge_it_portfolio_item pyoutube portfolio-group1-12 \" title=\"Stonehenge Apocalypse - La pilule verte #3\" data-groupID=\"1-12\">\r\n\t\t\t\t\t\t\t\t\t\t<img alt=\"Stonehenge Apocalypse - La pilule verte #3\"\r\n\t\t\t\t\t\t\t\t\t\t     id=\"wd-cl-img0\"\r\n\t\t\t\t\t\t\t\t\t\t     src=\"\/\/img.youtube.com\/vi\/yb5w4WP4m8M\/mqdefault.jpg\"\/>\r\n\t\t\t\t\t\t\t\t\t\t<div class=\"play-icon youtube-icon\"><\/div>\r\n\t\t\t\t\t\t\t\t\t<\/a>\r\n\t\t\t\t\t\t\t\t\t\t\t\t\t\t<\/div>\r\n\t\t\t\t\t<div class=\"title-block title-block_12\">\r\n\t\t\t\t\t\t<h3 title=\"Stonehenge Apocalypse - La pilule verte #3\"\r\n\t\t\t\t\t\t    class=\"title\">Stonehenge Apocalypse - La pilule verte #3<\/h3>\r\n\t\t\t\t\t\t<div class=\"open-close-button\"><\/div>\r\n\t\t\t\t\t<\/div>\r\n\t\t\t\t<\/div>\r\n\r\n\t\t\t\t<div class=\"wd-portfolio-panel wd-portfolio-panel_12\" id=\"panel0\">\r\n\t\t\t\t\t\t\t\t\t<\/div>\r\n\t\t\t<\/div>\r\n\r\n\t\t\t\t\t\t<div\r\n\t\t\t\tclass=\"portelement portelement_12 colorbox_grouping  \" data-symbol=\"M\u00e9ditation sur Freya &amp; le Sanglier\" data-category=\"alkaline-earth\">\r\n\t\t\t\t<div class=\"default-block_12 lighboxable\" style=\"\">\r\n\t\t\t\t\t<div class=\"image-block image-block_12  add-H-relative\">\r\n\t\t\t\t\t\t\t\t\t\t\t\t\t\t\t\t\t\t\t\t\t<a href=\"https:\/\/www.youtube.com\/embed\/0mbwGvUdqP8\"\r\n                                       data-description=\" \"\r\n\t\t\t\t\t\t\t\t\t   class=\"huge_it_portfolio_item pyoutube portfolio-group2-12 \" title=\"M\u00e9ditation sur Freya &amp; le Sanglier\" data-groupID=\"2-12\">\r\n\t\t\t\t\t\t\t\t\t\t<img alt=\"M\u00e9ditation sur Freya &amp; le Sanglier\"\r\n\t\t\t\t\t\t\t\t\t\t     id=\"wd-cl-img1\"\r\n\t\t\t\t\t\t\t\t\t\t     src=\"\/\/img.youtube.com\/vi\/0mbwGvUdqP8\/mqdefault.jpg\"\/>\r\n\t\t\t\t\t\t\t\t\t\t<div class=\"play-icon youtube-icon\"><\/div>\r\n\t\t\t\t\t\t\t\t\t<\/a>\r\n\t\t\t\t\t\t\t\t\t\t\t\t\t\t<\/div>\r\n\t\t\t\t\t<div class=\"title-block title-block_12\">\r\n\t\t\t\t\t\t<h3 title=\"M\u00e9ditation sur Freya &amp; le Sanglier\"\r\n\t\t\t\t\t\t    class=\"title\">M\u00e9ditation sur Freya & le Sanglier<\/h3>\r\n\t\t\t\t\t\t<div class=\"open-close-button\"><\/div>\r\n\t\t\t\t\t<\/div>\r\n\t\t\t\t<\/div>\r\n\r\n\t\t\t\t<div class=\"wd-portfolio-panel wd-portfolio-panel_12\" id=\"panel1\">\r\n\t\t\t\t\t\t\t\t\t<\/div>\r\n\t\t\t<\/div>\r\n\r\n\t\t\t\t\t\t<div\r\n\t\t\t\tclass=\"portelement portelement_12 colorbox_grouping  \" data-symbol=\"Une escale \u00e0 Carnac\" data-category=\"alkaline-earth\">\r\n\t\t\t\t<div class=\"default-block_12 lighboxable\" style=\"\">\r\n\t\t\t\t\t<div class=\"image-block image-block_12  add-H-relative\">\r\n\t\t\t\t\t\t\t\t\t\t\t\t\t\t\t\t\t\t\t\t\t<a href=\"https:\/\/www.youtube.com\/embed\/INGXW4ONrko\"\r\n                                       data-description=\" Reportage en terre Bretonne, Dolmens, Menhirs, Cromlechs Tumulus, \u00e0 quoi \u00e7\u00e0 pouvait bien servir ?\"\r\n\t\t\t\t\t\t\t\t\t   class=\"huge_it_portfolio_item pyoutube portfolio-group3-12 \" title=\"Une escale \u00e0 Carnac\" data-groupID=\"3-12\">\r\n\t\t\t\t\t\t\t\t\t\t<img alt=\"Une escale \u00e0 Carnac\"\r\n\t\t\t\t\t\t\t\t\t\t     id=\"wd-cl-img2\"\r\n\t\t\t\t\t\t\t\t\t\t     src=\"\/\/img.youtube.com\/vi\/INGXW4ONrko\/mqdefault.jpg\"\/>\r\n\t\t\t\t\t\t\t\t\t\t<div class=\"play-icon youtube-icon\"><\/div>\r\n\t\t\t\t\t\t\t\t\t<\/a>\r\n\t\t\t\t\t\t\t\t\t\t\t\t\t\t<\/div>\r\n\t\t\t\t\t<div class=\"title-block title-block_12\">\r\n\t\t\t\t\t\t<h3 title=\"Une escale \u00e0 Carnac\"\r\n\t\t\t\t\t\t    class=\"title\">Une escale \u00e0 Carnac<\/h3>\r\n\t\t\t\t\t\t<div class=\"open-close-button\"><\/div>\r\n\t\t\t\t\t<\/div>\r\n\t\t\t\t<\/div>\r\n\r\n\t\t\t\t<div class=\"wd-portfolio-panel wd-portfolio-panel_12\" id=\"panel2\">\r\n\t\t\t\t\t\t\t\t\t\t\t<div class=\"description-block_12\">\r\n\t\t\t\t\t\t\t<p>Reportage en terre Bretonne, Dolmens, Menhirs, Cromlechs Tumulus, \u00e0 quoi \u00e7\u00e0 pouvait bien servir ?<\/p>\r\n\t\t\t\t\t\t<\/div>\r\n\t\t\t\t\t\t\t\t\t<\/div>\r\n\t\t\t<\/div>\r\n\r\n\t\t\t\t\t\t<div\r\n\t\t\t\tclass=\"portelement portelement_12 colorbox_grouping  \" data-symbol=\"Un Dolmen dans le Sud de la France\" data-category=\"alkaline-earth\">\r\n\t\t\t\t<div class=\"default-block_12 lighboxable\" style=\"\">\r\n\t\t\t\t\t<div class=\"image-block image-block_12  add-H-relative\">\r\n\t\t\t\t\t\t\t\t\t\t\t\t\t\t\t\t\t\t\t\t\t<a href=\"https:\/\/www.youtube.com\/embed\/_MMgpN-sJRU\"\r\n                                       data-description=\" Petite s\u00e9ance de m\u00e9ditation dans un Dolmen\"\r\n\t\t\t\t\t\t\t\t\t   class=\"huge_it_portfolio_item pyoutube portfolio-group4-12 \" title=\"Un Dolmen dans le Sud de la France\" data-groupID=\"4-12\">\r\n\t\t\t\t\t\t\t\t\t\t<img alt=\"Un Dolmen dans le Sud de la France\"\r\n\t\t\t\t\t\t\t\t\t\t     id=\"wd-cl-img3\"\r\n\t\t\t\t\t\t\t\t\t\t     src=\"\/\/img.youtube.com\/vi\/_MMgpN-sJRU\/mqdefault.jpg\"\/>\r\n\t\t\t\t\t\t\t\t\t\t<div class=\"play-icon youtube-icon\"><\/div>\r\n\t\t\t\t\t\t\t\t\t<\/a>\r\n\t\t\t\t\t\t\t\t\t\t\t\t\t\t<\/div>\r\n\t\t\t\t\t<div class=\"title-block title-block_12\">\r\n\t\t\t\t\t\t<h3 title=\"Un Dolmen dans le Sud de la France\"\r\n\t\t\t\t\t\t    class=\"title\">Un Dolmen dans le Sud de la France<\/h3>\r\n\t\t\t\t\t\t<div class=\"open-close-button\"><\/div>\r\n\t\t\t\t\t<\/div>\r\n\t\t\t\t<\/div>\r\n\r\n\t\t\t\t<div class=\"wd-portfolio-panel wd-portfolio-panel_12\" id=\"panel3\">\r\n\t\t\t\t\t\t\t\t\t\t\t<div class=\"description-block_12\">\r\n\t\t\t\t\t\t\t<p>Petite s\u00e9ance de m\u00e9ditation dans un Dolmen<\/p>\r\n\t\t\t\t\t\t<\/div>\r\n\t\t\t\t\t\t\t\t\t<\/div>\r\n\t\t\t<\/div>\r\n\r\n\t\t\t\t<\/div>\r\n<\/section><style>\r\n\/*** For Toggle-Up Down ***\/\r\n\r\n.portelement_12 .play-icon.youtube-icon  {\r\n\tbackground: url(https:\/\/www.pagans.eu\/wp-content\/plugins\/portfolio-gallery\/assets\/images\/admin_images\/play.youtube.png) center center no-repeat;\r\n\tbackground-size: 30% 30%;\r\n}\r\n.portelement_12 .play-icon.vimeo-icon  {\r\n\tbackground: url(https:\/\/www.pagans.eu\/wp-content\/plugins\/portfolio-gallery\/assets\/images\/admin_images\/play.vimeo.png) center center no-repeat;\r\n\tbackground-size: 30% 30%;\r\n}\r\n.portelement_12 .play-icon {\r\n    position: absolute; \r\n    top: 0;\r\n    left: 0;\r\n    width: 100%;\r\n    height: 100%;\r\n}\r\n.portelement_12 .dropdownable .play-icon {\r\n\tdisplay: none;\r\n}\r\n.portelement_12  .add-H-relative {\r\n\tposition: relative;\r\n}\t\t\r\n.portelement_12 {\r\n\tbackground:#f7f7f7;\r\n\twidth:277px !important;\r\n\tmargin: 5px;\r\n    max-width: calc(100% - 10px) !important;\r\n\tfloat: left;\r\n\toverflow: hidden;\r\n\toutline:none;\r\n\tborder:1px solid #D0D0D0;\r\n\tbox-sizing: border-box;\r\n}\r\n\r\n.portelement_12.large,\r\n.variable-sizes .portelement_12.large,\r\n.variable-sizes .portelement_12.large.width2.height2 {\r\n\tmax-width: 275px;\r\n\twidth: 100%;\r\n\tz-index: 10;\r\n}\r\n\r\n.default-block_12 {\r\n\tposition:relative;\r\n\tmax-width:275px !important;\r\n\twidth: 100%;\r\n\theight:195px !important;\r\n} \r\n\r\n.default-block_12 .image-block_12 {\r\n\tmargin:0;\r\n\tpadding: 0;\r\n\tline-height: 0;\r\n\tborder-bottom:1px solid #D0D0D0;\r\n\theight:160px !important;\r\n}\r\n\r\n.default-block_12 .image-block_12 a {\r\n\tdisplay:block;\r\n\theight:160px !important;\r\n\toverflow: hidden;\r\n\tposition:relative;\r\n\tborder: none;\r\n\tbox-shadow: none;\r\n}\r\n\r\n.portelement_12 .default-block_12 img {\r\n\tmargin: 0 !important;\r\n\tpadding: 0 !important;\r\n\tmax-width:275px ;\r\n\tmax-width:none !important;\r\n\tborder-radius: 0;\r\n\t\theight: 100%;\r\n\twidth: 100%;\r\n\t}\r\n\r\n.default-block_12 .title-block_12 {\r\n\tposition:relative;\r\n\tdisplay:block;\r\n\theight: 34px;\r\n\tpadding: 0 0 0 0;\r\n\tmax-width:275px !important;\r\n\twidth: 100%;\r\n}\r\n\r\n.default-block_12 .title-block_12 h3 {\r\n\tposition:relative;\r\n\tmargin: 0 !important;\r\n\tpadding: 0 0 0 5px !important;\r\n\tmax-width:245px !important;\r\n\twidth: 80%;\r\n\ttext-overflow: ellipsis;\r\n\toverflow: hidden;\r\n\twhite-space:nowrap;\r\n\tfont-weight:normal;\r\n\tcolor:#555555;\r\n\tfont-size:15px !important;\r\n\tline-height: normal !important;\r\n\ttop: 50%;\r\n\ttransform: translateY(-50%);\r\n}\r\n\r\n.portelement_12 .title-block_12 .open-close-button {\r\n\twidth:20px;\r\n\theight:20px;\r\n\tdisplay:block;\r\n\tposition:absolute;\r\n\ttop:50%;\r\n\tright:2%;\r\n\tbackground:url('https:\/\/www.pagans.eu\/wp-content\/plugins\/portfolio-gallery\/assets\/images\/admin_images\/open-close.dark.png') left top no-repeat;\r\n\tz-index:5;\r\n\tcursor:pointer;\r\n\topacity:0.33;\r\n\ttransform: translateY( -50%);\r\n}\r\n\r\n .portelement_12:hover .title-block_12 .open-close-button {opacity:1;}\r\n\r\n.portelement_12.large .open-close-button {\r\n\tbackground:url('https:\/\/www.pagans.eu\/wp-content\/plugins\/portfolio-gallery\/assets\/images\/admin_images\/open-close.dark.png') left bottom no-repeat;\r\n}\r\n\r\n.wd-portfolio-panel_12 {\r\n\tposition: absolute;\r\n\tdisplay:block;\r\n\twidth:265px !important;\r\n\tmargin: 0 5px 0 5px;\r\n\tpadding: 0;\r\n\ttext-align:left;\r\n\ttop:195px;\r\n\tz-index:6; \r\n\theight:200px;\r\n}\r\n\r\n\r\n.wd-portfolio-panel_12 .description-block_12, .portelement_12 div.right-block .description-block_12 * {\r\n\tposition:relative;\r\n\tclear:both;\r\n}\r\n\r\n.wd-portfolio-panel_12 .description-block_12 p,.wd-portfolio-panel_12 .description-block_12 * {\t\r\n\ttext-align:justify;\r\n\t\/*font-weight:normal;*\/\r\n\tfont-size:14px;\r\n\tcolor:#5b5b5b;\r\n\tmargin: 0;\r\n\tpadding: 0;\r\n}\r\n\r\n\r\n\r\n.wd-portfolio-panel_12 .description-block_12 h1,\r\n.wd-portfolio-panel_12 .description-block_12 h2,\r\n.wd-portfolio-panel_12 .description-block_12 h3,\r\n.wd-portfolio-panel_12 .description-block_12 h4,\r\n.wd-portfolio-panel_12 .description-block_12 h5,\r\n.wd-portfolio-panel_12 .description-block_12 h6,\r\n.wd-portfolio-panel_12 .description-block_12 p, \r\n.wd-portfolio-panel_12 .description-block_12 strong,\r\n.wd-portfolio-panel_12 .description-block_12 span {\r\n\tpadding:2px !important;\r\n\tmargin: 0 !important;\r\n}\r\n\r\n.wd-portfolio-panel_12 .description-block_12 ul,\r\n.wd-portfolio-panel_12 .description-block_12 li {\r\n\tpadding:2px 0 2px 5px;\r\n\tmargin: 0 0 0 8px;\r\n}\r\n\r\n\r\n.wd-portfolio-panel_12 .thumbs-list_12 {\r\n\tposition:relative;\r\n\tclear:both;\r\n\tlist-style:none;\r\n\tdisplay:table;\r\n\twidth:100%;\r\n\tpadding: 0;\r\n\tmargin:3px 0 0 0;\r\n\ttext-align:center;\r\n}\r\n\r\n.wd-portfolio-panel_12 .thumbs-list_12 li {\r\n\tdisplay:inline-block;\r\n\tmargin: 0 3px 0 2px;\r\n}\r\n\r\n.wd-portfolio-panel_12 .thumbs-list_12 li a {\r\n\tdisplay:block;\r\n\twidth:75px;\r\n\theight:75px;\r\n\topacity:0.7;\r\n\tdisplay:table;\r\n\tborder: none;\r\n\tbox-shadow: none;\r\n}\r\n\r\n.wd-portfolio-panel_12 .thumbs-list_12 li a:hover {\r\n\topacity:1;\r\n}\r\n\r\n.wd-portfolio-panel_12 img {\r\n\tmargin: 0 !important;\r\n\tpadding: 0 !important;\r\n\tdisplay:table-cell;\r\n\tvertical-align:middle;\r\n\twidth:75px !important;\r\n\tmax-height:75px !important;\r\n\twidth:100%;\r\n\theight:100%;\r\n}\r\n\r\n.wd-portfolio-panel_12 > div {\r\n\tposition:relative;\r\n\tclear:both;\r\n\tpadding-top:10px;\r\n\tmargin-bottom:10px;\r\n\t\t\tbackground:url('https:\/\/www.pagans.eu\/wp-content\/plugins\/portfolio-gallery\/assets\/images\/admin_images\/divider.line.png') center top repeat-x;\r\n\t}\r\n\r\n.wd-portfolio-panel_12 .button-block {\r\n\tpadding-top:10px;\r\n\tmargin-bottom:10px;\r\n\t\r\n}\r\n\r\n.wd-portfolio-panel_12 .button-block a, .wd-portfolio-panel_12 .button-block a:link, .wd-portfolio-panel_12 .button-block a:visited {\r\n\tpadding:6px 12px;\r\n\ttext-decoration:none;\r\n\tdisplay:inline-block;\r\n\tfont-size:14px;\r\n\tbackground:#e74c3c;\r\n\tcolor:#ffffff;\r\n}\r\n\r\n.wd-portfolio-panel_12 .button-block a:hover, .wd-portfolio-panel_12 .button-block a:focus, .wd-portfolio-panel_12 .button-block a:active {\r\n\tbackground:#df2e1b;\r\n\tcolor:#ffffff;\r\n\ttext-decoration:none;\r\n}\r\n\r\n#huge_it_portfolio_content_12 #huge_it_portfolio_options_12 {\r\n\tposition: relative;\t\r\n\toverflow: hidden;\r\n        margin-left:5px;width: auto; margin-bottom: 5px;display:table;        \r\n        opacity: 0;        margin-bottom: 10px;\r\n}\r\n        \r\n#huge_it_portfolio_content_12 #huge_it_portfolio_options_12 ul {\r\n  margin: 0 !important;\r\n  padding: 0 !important;\r\n  list-style: none;\r\nfloat:left;margin-left:1%;}\r\n\r\n#huge_it_portfolio_content_12 #huge_it_portfolio_filters_12 ul {\r\n  margin: 0 !important;\r\n  padding: 0 !important;\r\n  overflow: hidden;\r\n    width: 100%;\r\n}\r\n\r\n            \r\n#huge_it_portfolio_content_12 #huge_it_portfolio_options_12 ul li {\r\n    border-radius: 0px;\r\n    list-style-type: none;\r\n    margin: 0 !important;\r\n    padding: 0;\r\n    float:left !important;margin: 0 8px 4px 0 !important;border: 1px solid #ccc;}\r\n\r\n#huge_it_portfolio_content_12 #huge_it_portfolio_options_12 ul li a {\r\n    background-color: #F7F7F7 !important;\r\n    font-size:14px !important;\r\n    color:#555555 !important;\r\n\tborder-radius: 0px;\r\n    text-decoration: none;\r\n    cursor: pointer;\r\n    margin: 0 !important;\r\n    display: block;\r\n    padding:3px;\r\n}\r\n\r\n\/*#huge_it_portfolio_content_12 #huge_it_portfolio_options_12 ul li:hover {\r\n    \r\n}*\/\r\n\r\n#huge_it_portfolio_content_12 #huge_it_portfolio_options_12 ul li a:hover {\r\n    background-color: #FF3845 !important;\r\n    color:#ffffff !important;\r\n    cursor: pointer;\r\n}\r\n    \r\n#huge_it_portfolio_content_12 #huge_it_portfolio_filters_12 {\r\n    position: relative;\t\r\n    overflow: hidden;\r\n    float:;margin-top:5px;max-width:180px;width:20%;display:inline-block;margin-left:1%;\r\n    opacity: 0;}\r\n\r\n#huge_it_portfolio_content_12 #huge_it_portfolio_filters_12 ul li {\r\n    list-style-type: none;\r\n    border-radius: 0px;\r\n    border: 1px solid #ccc;}\r\n\r\n#huge_it_portfolio_content_12 #huge_it_portfolio_filters_12 ul li a,\r\n#huge_it_portfolio_content_12 #huge_it_portfolio_filters_12 ul li a:link,\r\n#huge_it_portfolio_content_12 #huge_it_portfolio_filters_12 ul li a:visited {\r\n    font-size:14px !important;\r\n    color:#555555 !important;\r\n    background-color: #F7F7F7 !important;\r\n    border-radius: 0px;\r\n    padding: 3px;\r\n    display: block;\r\n    text-decoration: none;\r\n}\r\n\r\n#huge_it_portfolio_content_12 #huge_it_portfolio_filters_12  ul li a:hover,\r\n#huge_it_portfolio_content_12 #huge_it_portfolio_filters_12  ul li a:focus,\r\n#huge_it_portfolio_content_12 #huge_it_portfolio_filters_12  ul li a:active {\r\n    color:#ffffff !important;\r\n    background-color: #FF3845 !important;\r\n    cursor: pointer;\r\n}\r\n\r\n#huge_it_portfolio_content_12 #huge_it_portfolio_filters_12 ul li.active a,\r\n#huge_it_portfolio_content_12 #huge_it_portfolio_filters_12 ul li.active a:link,\r\n#huge_it_portfolio_content_12 #huge_it_portfolio_filters_12 ul li.active a:visited,\r\n#huge_it_portfolio_content_12 #huge_it_portfolio_filters_12  ul li.active a:hover,\r\n#huge_it_portfolio_content_12 #huge_it_portfolio_filters_12  ul li.active a:focus,\r\n#huge_it_portfolio_content_12 #huge_it_portfolio_filters_12  ul li.active a:active {\r\n    color:#ffffff !important;\r\n    background-color: #FF3845 !important;\r\n    cursor: pointer;\r\n}\r\n\r\nsection#huge_it_portfolio_content_12 {\r\n    position:relative;\r\n    display:block;\r\n}\r\n\r\n#huge_it_portfolio_content_12 #huge_it_portfolio_container_12 {\r\n    width: 79%;\r\n\tmax-width: 100%;\r\n    width:100%;opacity: 0;}\r\n#huge_it_portfolio_content_12 #huge_it_portfolio_options_12 #port-sort-direction{\r\n    position: static;\r\n}\r\n@media screen and (max-width: 768px) {\r\n\t\r\n#huge_it_portfolio_content_12 #huge_it_portfolio_filters_12 ul li a,\r\n#huge_it_portfolio_content_12 #huge_it_portfolio_filters_12 ul li a:link,\r\n#huge_it_portfolio_content_12 #huge_it_portfolio_filters_12 ul li a:visited {\r\n\t\tfont-size: 2vw !important;\r\n\t}\r\n#huge_it_portfolio_content_12 #huge_it_portfolio_options_12 ul li a {\r\n\t\tfont-size:2vw !important;\r\n\t}\r\n\r\n}\r\n@media screen and (max-width: 480px) {\r\n#huge_it_portfolio_container_12{\r\n    width:100%;\r\n}\r\n#huge_it_portfolio_content_12 #huge_it_portfolio_options_12 {\r\n\tfloat: left;\r\n}\r\n#huge_it_portfolio_content_12 #huge_it_portfolio_options_12 #sort-by{\r\n\tfloat: left;\r\n\twidth: 100% !important;\r\n}\r\n#huge_it_portfolio_content_12 #huge_it_portfolio_options_12 #port-sort-direction{\r\n    float: left;\r\n    width: 100% !important;\r\n    position: relative;\r\n    padding-left: 31% !important;\r\n\tright: 31%;\r\n}\r\n#huge_it_portfolio_content_12 #huge_it_portfolio_filters_12 ul li a,\r\n#huge_it_portfolio_content_12 #huge_it_portfolio_filters_12 ul li a:link,\r\n#huge_it_portfolio_content_12 #huge_it_portfolio_filters_12 ul li a:visited {\r\n\t\tfont-size: 3vw !important;\r\n\t}\r\n#huge_it_portfolio_content_12 #huge_it_portfolio_options_12 ul li a {\r\n\t\tline-height: 3vw;\r\n\t\tfont-size:3vw !important;\r\n\t}\r\n}\r\n@media screen and (max-width: 420px) {\r\n\t\r\n#huge_it_portfolio_content_12 #huge_it_portfolio_filters_12 ul li a,\r\n#huge_it_portfolio_content_12 #huge_it_portfolio_filters_12 ul li a:link,\r\n#huge_it_portfolio_content_12 #huge_it_portfolio_filters_12 ul li a:visited {\r\n\t\tfont-size: 4vw !important;\r\n\t}\r\n#huge_it_portfolio_content_12 #huge_it_portfolio_options_12 ul li a {\r\n\t\tfont-size:4vw !important;\r\n\t}\r\n}\r\n@media screen and (max-width: 317px) {\r\n   .portelement_12  {\r\n\t\twidth:98%;\r\n\t\tmargin: 1% !important;\r\n\t\tfloat: left;\r\n\t\toverflow: hidden;\r\n\t\toutline:none;\r\n\t\tborder:1px solid #D0D0D0;\r\n    }\r\n\t.wd-portfolio-panel_12 {\r\n\t\twidth: calc(100% - 10px) !important;\r\n\t}\r\n}\r\n#huge-it-container-loading-overlay_12 {\r\n    width: 100%;\r\n    height: 100%;\r\n    position: absolute;\r\n    z-index: 1;\r\n    background:  url(https:\/\/www.pagans.eu\/wp-content\/plugins\/portfolio-gallery\/assets\/images\/loading\/loading-1.svg) center top ;\r\n    background-repeat: no-repeat;\r\n    background-size: 60px auto;\r\n    }\r\n#huge_it_portfolio_options_and_filters_12{\r\n    position: relative;\r\n    float: left;\r\n    width: 20%;\r\n    max-width: 180px;\r\n    float:top;\r\n    margin-left:1%;    margin-top: 5px;\r\n}\r\n<\/style>\n","protected":false},"excerpt":{"rendered":"Default Date Title Random Ascending Descending Stonehenge Apocalypse - La pilule verte #3 M\u00e9ditation sur Freya & le Sanglier Une escale \u00e0 Carnac Reportage en terre Bretonne, Dolmens, Menhirs, Cromlechs Tumulus, \u00e0 quoi \u00e7\u00e0 pouvait bien","protected":false},"author":5,"featured_media":0,"parent":0,"menu_order":0,"comment_status":"closed","ping_status":"closed","template":"page-PageTemplate3.php","meta":[],"translation":{"provider":"WPGlobus","version":"2.10.4","language":"en","enabled_languages":["fr","en"],"languages":{"fr":{"title":true,"content":true,"excerpt":false},"en":{"title":false,"content":false,"excerpt":false}}},"_links":{"self":[{"href":"https:\/\/www.pagans.eu\/en\/wp-json\/wp\/v2\/pages\/4565"}],"collection":[{"href":"https:\/\/www.pagans.eu\/en\/wp-json\/wp\/v2\/pages"}],"about":[{"href":"https:\/\/www.pagans.eu\/en\/wp-json\/wp\/v2\/types\/page"}],"author":[{"embeddable":true,"href":"https:\/\/www.pagans.eu\/en\/wp-json\/wp\/v2\/users\/5"}],"replies":[{"embeddable":true,"href":"https:\/\/www.pagans.eu\/en\/wp-json\/wp\/v2\/comments?post=4565"}],"version-history":[{"count":0,"href":"https:\/\/www.pagans.eu\/en\/wp-json\/wp\/v2\/pages\/4565\/revisions"}],"wp:attachment":[{"href":"https:\/\/www.pagans.eu\/en\/wp-json\/wp\/v2\/media?parent=4565"}],"curies":[{"name":"wp","href":"https:\/\/api.w.org\/{rel}","templated":true}]}}