{"id":4536,"date":"2017-05-24T10:39:34","date_gmt":"2017-05-24T08:39:34","guid":{"rendered":"http:\/\/www.pagans.eu\/?page_id=4536"},"modified":"2020-12-03T19:11:37","modified_gmt":"2020-12-03T18:11:37","slug":"adhesion-guilde","status":"publish","type":"page","link":"https:\/\/www.pagans.eu\/en\/adhesion-guilde\/","title":{"rendered":"Adh\u00e9sion Guilde"},"content":{"rendered":"<p>Adh\u00e9rez \u00e0 la Guilde PAGANS libres pa\u00efens !<\/p>\n<p>Association loi 1901 :<\/p>\n<p>Pagans libres pa\u00efens&nbsp;<br \/>\n78 all\u00e9e Primavera<br \/>\nCentre UBIDOCA, 14410 PRINGY<br \/>\n74370 ANNECY<\/p>\n<p>Rejoignez la communaut\u00e9 des personnes souhaitant renouer avec leurs racines, &#8220;PAGANS libres pa\u00efens&#8221; est une association de promotion de la tradition primordiale hyperbor\u00e9enne, un r\u00e9seau d&#8217;amis et une f\u00e9d\u00e9ration&nbsp;hyperbor\u00e9enne.<\/p>\n<p>Acc\u00e8s aux vid\u00e9os priv\u00e9es &#8220;La Tradition primordiale selon Oleg&#8221;, acc\u00e8s \u00e0 toutes les conf\u00e9rences priv\u00e9es, \u00e0 la Zone secr\u00e8te du site internet, acc\u00e8s aux auberges et aux ateliers discord. L&#8217;adh\u00e9sion de base se nomme &#8220;Karl&#8221; et donne acc\u00e8s \u00e0 tout cela, ainsi qu&#8217;au CIA et aux autres \u00e9quipes.<\/p>\n<p>Adh\u00e9sions Drengi et Jarli : acc\u00e8s aux vid\u00e9os &#8220;Les runes selon Oleg&#8221; en plus du reste.<\/p>\n<p><a class=\"fasc-button fasc-size-medium fasc-type-glossy fasc-ico-before dashicons-info\" style=\"background-color: #33809e; color: #ffffff;\" data-fasc-id=\"fasc-button-tid-1495736599652\" href=\"http:\/\/www.pagans.eu\/presentation-guilde-pagans\/\">Plus d&#8217;info sur la Guilde<\/a><\/p>\n<p>Pour adh\u00e9rer, remplissez le formulaire ci-dessous<\/p>\n<p>&nbsp;<\/p>\n\n<form id=\"pms_register-form\" class=\"pms-form\" method=\"POST\">\n\n    \n    <input type=\"hidden\" id=\"pmstkn\" name=\"pmstkn\" value=\"0e44e691f3\" \/><input type=\"hidden\" name=\"_wp_http_referer\" value=\"\/en\/wp-json\/wp\/v2\/pages\/4536\" \/>\n    <ul class=\"pms-form-fields-wrapper\">\n\n        \n\n        \n        \n                <li class=\"pms-field pms-user-login-field \">\n            <label for=\"pms_user_login\">Username *<\/label>\n            <input id=\"pms_user_login\" name=\"user_login\" type=\"text\" value=\"\" \/>\n\n                    <\/li>\n\n                <li class=\"pms-field pms-user-email-field \">\n            <label for=\"pms_user_email\">E-mail *<\/label>\n            <input id=\"pms_user_email\" name=\"user_email\" type=\"text\" value=\"\" \/>\n\n                    <\/li>\n\n                <li class=\"pms-field pms-first-name-field \">\n            <label for=\"pms_first_name\">First Name<\/label>\n            <input id=\"pms_first_name\" name=\"first_name\" type=\"text\" value=\"\" \/>\n\n                    <\/li>\n\n                <li class=\"pms-field pms-last-name-field \">\n            <label for=\"pms_last_name\">Last Name<\/label>\n            <input id=\"pms_last_name\" name=\"last_name\" type=\"text\" value=\"\" \/>\n\n                    <\/li>\n\n                <li class=\"pms-field pms-pass1-field \">\n            <label for=\"pms_pass1\">Password *<\/label>\n            <input id=\"pms_pass1\" name=\"pass1\" type=\"password\" \/>\n\n                    <\/li>\n\n                <li class=\"pms-field pms-pass2-field \">\n            <label for=\"pms_pass2\">Repeat Password *<\/label>\n            <input id=\"pms_pass2\" name=\"pass2\" type=\"password\" \/>\n\n                    <\/li>\n\n        \n        \n        \n        <li class=\"pms-field pms-field-subscriptions \"><div class=\"pms-subscription-plan pms-subscription-plan-4674\"><label><input type=\"radio\" name=\"subscription_plans\" data-price=\"30\" data-duration=\"1\" data-fixed_membership=\"\" data-allow_renew=\"\"  value=\"4674\"  checked='checked'data-default-selected=\"true\" \/><span class=\"pms-subscription-plan-name\">Karl Guilde<\/span><span class=\"pms-subscription-plan-price\"><span class=\"pms-divider\"> - <\/span><span class=\"pms-subscription-plan-price-value\">30<\/span><span class=\"pms-subscription-plan-currency\">&#8364;<\/span><span class=\"pms-divider\"> \/ <\/span>1 Year<\/span><span class=\"pms-subscription-plan-trial\"><\/span><span class=\"pms-subscription-plan-sign-up-fee\"><\/span><\/label><div class=\"pms-subscription-plan-description\">Adh\u00e9sion de base du membre de la Guilde, tu as les droits Karl.<\/div><\/div><div class=\"pms-subscription-plan pms-subscription-plan-4679\"><label><input type=\"radio\" name=\"subscription_plans\" data-price=\"90\" data-duration=\"1\" data-fixed_membership=\"\" data-allow_renew=\"\"  value=\"4679\" data-default-checked=\"false\" \/><span class=\"pms-subscription-plan-name\">Drengr Guilde<\/span><span class=\"pms-subscription-plan-price\"><span class=\"pms-divider\"> - <\/span><span class=\"pms-subscription-plan-price-value\">90<\/span><span class=\"pms-subscription-plan-currency\">&#8364;<\/span><span class=\"pms-divider\"> \/ <\/span>1 Year<\/span><span class=\"pms-subscription-plan-trial\"><\/span><span class=\"pms-subscription-plan-sign-up-fee\"><\/span><\/label><div class=\"pms-subscription-plan-description\">Soutien ta Guilde comme un Drengr ! Cet adh\u00e9sion te donne les droits Drengi : droits Karls plus acc\u00e8s aux vid\u00e9os r\u00e9serv\u00e9es aux Drengis.<\/div><\/div><div class=\"pms-subscription-plan pms-subscription-plan-4713\"><label><input type=\"radio\" name=\"subscription_plans\" data-price=\"150\" data-duration=\"1\" data-fixed_membership=\"\" data-allow_renew=\"\"  value=\"4713\" data-default-checked=\"false\" \/><span class=\"pms-subscription-plan-name\">Jarl Guilde<\/span><span class=\"pms-subscription-plan-price\"><span class=\"pms-divider\"> - <\/span><span class=\"pms-subscription-plan-price-value\">150<\/span><span class=\"pms-subscription-plan-currency\">&#8364;<\/span><span class=\"pms-divider\"> \/ <\/span>1 Year<\/span><span class=\"pms-subscription-plan-trial\"><\/span><span class=\"pms-subscription-plan-sign-up-fee\"><\/span><\/label><div class=\"pms-subscription-plan-description\">Soutien ta Guilde comme le Jarl que tu es ! Cet adh\u00e9sion te donne les droits Jarli : droits Karls plus acc\u00e8s aux vid\u00e9os r\u00e9serv\u00e9es aux Jarlis.<\/div><\/div><div id=\"pms-paygates-wrapper\"><input type=\"hidden\" class=\"pms_pay_gate\" name=\"pay_gate\" value=\"paypal_standard\"  \/><\/div><\/li>\n    <\/ul>\n\n    <span id=\"pms-submit-button-loading-placeholder-text\" style=\"display: none;\">Processing. Please wait...<\/span>\n    <input class=\"pms-form-submit\" name=\"pms_register\" type=\"submit\" value=\"Register\" \/>\n\n<\/form>\n\n<p>Souscrire<br \/>\nOnly registered users can see this information.\n","protected":false},"excerpt":{"rendered":"<p>Adh\u00e9rez \u00e0 la Guilde PAGANS libres pa\u00efens ! Association loi 1901 : Pagans libres pa\u00efens&nbsp; 78 all\u00e9e Primavera Centre UBIDOCA, 14410 PRINGY 74370 ANNECY Rejoignez la communaut\u00e9 des personnes souhaitant renouer avec leurs racines, &#8220;PAGANS libres<\/p>\n","protected":false},"author":5,"featured_media":0,"parent":0,"menu_order":0,"comment_status":"closed","ping_status":"closed","template":"page-PageTemplate5.php","meta":[],"translation":{"provider":"WPGlobus","version":"2.10.4","language":"en","enabled_languages":["fr","en"],"languages":{"fr":{"title":true,"content":true,"excerpt":false},"en":{"title":false,"content":false,"excerpt":false}}},"_links":{"self":[{"href":"https:\/\/www.pagans.eu\/en\/wp-json\/wp\/v2\/pages\/4536"}],"collection":[{"href":"https:\/\/www.pagans.eu\/en\/wp-json\/wp\/v2\/pages"}],"about":[{"href":"https:\/\/www.pagans.eu\/en\/wp-json\/wp\/v2\/types\/page"}],"author":[{"embeddable":true,"href":"https:\/\/www.pagans.eu\/en\/wp-json\/wp\/v2\/users\/5"}],"replies":[{"embeddable":true,"href":"https:\/\/www.pagans.eu\/en\/wp-json\/wp\/v2\/comments?post=4536"}],"version-history":[{"count":0,"href":"https:\/\/www.pagans.eu\/en\/wp-json\/wp\/v2\/pages\/4536\/revisions"}],"wp:attachment":[{"href":"https:\/\/www.pagans.eu\/en\/wp-json\/wp\/v2\/media?parent=4536"}],"curies":[{"name":"wp","href":"https:\/\/api.w.org\/{rel}","templated":true}]}}